{"id":35785,"date":"2021-05-18T08:55:50","date_gmt":"2021-05-18T08:55:50","guid":{"rendered":"https:\/\/sad-fermi.195-78-23-147.plesk.page\/?page_id=35785"},"modified":"2021-05-18T10:01:26","modified_gmt":"2021-05-18T10:01:26","slug":"slider","status":"publish","type":"page","link":"https:\/\/monaco-telecom.mc\/en\/slider\/","title":{"rendered":"slider"},"content":{"rendered":"\t\t<div data-elementor-type=\"wp-page\" data-elementor-id=\"35785\" class=\"elementor elementor-35785\" data-elementor-post-type=\"page\">\n\t\t\t\t\t\t<section class=\"elementor-section elementor-top-section elementor-element elementor-element-c8856ca elementor-section-full_width elementor-section-height-default elementor-section-height-default\" data-id=\"c8856ca\" data-element_type=\"section\" data-settings=\"{&quot;ekit_has_onepagescroll_dot&quot;:&quot;yes&quot;}\">\n\t\t\t\t\t\t<div class=\"elementor-container elementor-column-gap-no\">\n\t\t\t\t\t<div class=\"elementor-column elementor-col-100 elementor-top-column elementor-element elementor-element-12c2148\" data-id=\"12c2148\" data-element_type=\"column\">\n\t\t\t<div class=\"elementor-widget-wrap elementor-element-populated\">\n\t\t\t\t\t\t<div class=\"elementor-element elementor-element-f9505c5 elementor-pagination-position-outside elementor--h-position-center elementor--v-position-middle elementor-arrows-position-inside elementor-widget elementor-widget-slides\" data-id=\"f9505c5\" data-element_type=\"widget\" data-settings=\"{&quot;navigation&quot;:&quot;both&quot;,&quot;autoplay&quot;:&quot;yes&quot;,&quot;pause_on_hover&quot;:&quot;yes&quot;,&quot;pause_on_interaction&quot;:&quot;yes&quot;,&quot;autoplay_speed&quot;:5000,&quot;infinite&quot;:&quot;yes&quot;,&quot;transition&quot;:&quot;slide&quot;,&quot;transition_speed&quot;:500,&quot;ekit_we_effect_on&quot;:&quot;none&quot;}\" data-widget_type=\"slides.default\">\n\t\t\t\t<div class=\"elementor-widget-container\">\n\t\t\t\t\t<div class=\"elementor-swiper\">\n\t\t\t<div class=\"elementor-slides-wrapper elementor-main-swiper swiper\" dir=\"ltr\" data-animation=\"fadeInUp\">\n\t\t\t\t<div class=\"swiper-wrapper elementor-slides\">\n\t\t\t\t\t\t\t\t\t\t<div class=\"elementor-repeater-item-f0933f0 swiper-slide\"><div class=\"swiper-slide-bg\" role=\"img\"><\/div><div class=\"elementor-background-overlay\"><\/div><div class=\"swiper-slide-inner\" ><div class=\"swiper-slide-contents\"><div class=\"elementor-slide-heading\">iPhone 12<\/div><div class=\"elementor-slide-description\">Dites bonjour \u00e0 la 5G<\/div><div  class=\"elementor-button elementor-slide-button elementor-size-md\">Cliquer ici<\/div><\/div><\/div><\/div>\t\t\t\t<\/div>\n\t\t\t\t\t\t\t<\/div>\n\t\t<\/div>\n\t\t\t\t<\/div>\n\t\t\t\t<\/div>\n\t\t\t\t\t<\/div>\n\t\t<\/div>\n\t\t\t\t\t<\/div>\n\t\t<\/section>\n\t\t\t\t<\/div>\n\t\t","protected":false},"excerpt":{"rendered":"<p>iPhone 12Dites bonjour \u00e0 la 5GCliquer ici<\/p>\n","protected":false},"author":1017,"featured_media":0,"parent":0,"menu_order":0,"comment_status":"closed","ping_status":"closed","template":"elementor_canvas","meta":{"tpgb_global_settings":"","footnotes":""},"class_list":["post-35785","page","type-page","status-publish","hentry"],"yoast_head":"<!-- This site is optimized with the Yoast SEO plugin v26.7 - https:\/\/yoast.com\/wordpress\/plugins\/seo\/ -->\n<title>slider - Monaco Telecom<\/title>\n<meta name=\"robots\" content=\"index, follow, max-snippet:-1, max-image-preview:large, max-video-preview:-1\" \/>\n<link rel=\"canonical\" href=\"https:\/\/monaco-telecom.mc\/en\/slider\/\" \/>\n<meta property=\"og:locale\" content=\"en_US\" \/>\n<meta property=\"og:type\" content=\"article\" \/>\n<meta property=\"og:title\" content=\"slider - Monaco Telecom\" \/>\n<meta property=\"og:description\" content=\"iPhone 12Dites bonjour \u00e0 la 5GCliquer ici\" \/>\n<meta property=\"og:url\" content=\"https:\/\/monaco-telecom.mc\/en\/slider\/\" \/>\n<meta property=\"og:site_name\" content=\"Monaco Telecom\" \/>\n<meta property=\"article:publisher\" content=\"https:\/\/www.facebook.com\/MonacoTelecom\" \/>\n<meta property=\"article:modified_time\" content=\"2021-05-18T10:01:26+00:00\" \/>\n<meta name=\"twitter:card\" content=\"summary_large_image\" \/>\n<meta name=\"twitter:label1\" content=\"Est. reading time\" \/>\n\t<meta name=\"twitter:data1\" content=\"1 minute\" \/>\n<script type=\"application\/ld+json\" class=\"yoast-schema-graph\">{\"@context\":\"https:\/\/schema.org\",\"@graph\":[{\"@type\":\"WebPage\",\"@id\":\"https:\/\/monaco-telecom.mc\/en\/slider\/\",\"url\":\"https:\/\/monaco-telecom.mc\/en\/slider\/\",\"name\":\"slider - Monaco Telecom\",\"isPartOf\":{\"@id\":\"https:\/\/monaco-telecom.mc\/en\/#website\"},\"datePublished\":\"2021-05-18T08:55:50+00:00\",\"dateModified\":\"2021-05-18T10:01:26+00:00\",\"inLanguage\":\"en-US\",\"potentialAction\":[{\"@type\":\"ReadAction\",\"target\":[\"https:\/\/monaco-telecom.mc\/en\/slider\/\"]}]},{\"@type\":\"WebSite\",\"@id\":\"https:\/\/monaco-telecom.mc\/en\/#website\",\"url\":\"https:\/\/monaco-telecom.mc\/en\/\",\"name\":\"Monaco Telecom\",\"description\":\"Engag\u00e9s \u00e0 vos c\u00f4t\u00e9s\",\"publisher\":{\"@id\":\"https:\/\/monaco-telecom.mc\/en\/#organization\"},\"potentialAction\":[{\"@type\":\"SearchAction\",\"target\":{\"@type\":\"EntryPoint\",\"urlTemplate\":\"https:\/\/monaco-telecom.mc\/en\/?s={search_term_string}\"},\"query-input\":{\"@type\":\"PropertyValueSpecification\",\"valueRequired\":true,\"valueName\":\"search_term_string\"}}],\"inLanguage\":\"en-US\"},{\"@type\":\"Organization\",\"@id\":\"https:\/\/monaco-telecom.mc\/en\/#organization\",\"name\":\"Monaco Telecom\",\"url\":\"https:\/\/monaco-telecom.mc\/en\/\",\"logo\":{\"@type\":\"ImageObject\",\"inLanguage\":\"en-US\",\"@id\":\"https:\/\/monaco-telecom.mc\/en\/#\/schema\/logo\/image\/\",\"url\":\"https:\/\/monaco-telecom.mc\/wp-content\/uploads\/2025\/07\/Logo-MT-25.png\",\"contentUrl\":\"https:\/\/monaco-telecom.mc\/wp-content\/uploads\/2025\/07\/Logo-MT-25.png\",\"width\":631,\"height\":408,\"caption\":\"Monaco Telecom\"},\"image\":{\"@id\":\"https:\/\/monaco-telecom.mc\/en\/#\/schema\/logo\/image\/\"},\"sameAs\":[\"https:\/\/www.facebook.com\/MonacoTelecom\",\"https:\/\/www.linkedin.com\/company\/monaco-telecom\/?originalSubdomain=mc\",\"https:\/\/www.instagram.com\/monaco_telecom\/?hl=fr\",\"https:\/\/www.youtube.com\/user\/MonacoTelecomvideos\/featured\"]}]}<\/script>\n<!-- \/ Yoast SEO plugin. -->","yoast_head_json":{"title":"slider - Monaco Telecom","robots":{"index":"index","follow":"follow","max-snippet":"max-snippet:-1","max-image-preview":"max-image-preview:large","max-video-preview":"max-video-preview:-1"},"canonical":"https:\/\/monaco-telecom.mc\/en\/slider\/","og_locale":"en_US","og_type":"article","og_title":"slider - Monaco Telecom","og_description":"iPhone 12Dites bonjour \u00e0 la 5GCliquer ici","og_url":"https:\/\/monaco-telecom.mc\/en\/slider\/","og_site_name":"Monaco Telecom","article_publisher":"https:\/\/www.facebook.com\/MonacoTelecom","article_modified_time":"2021-05-18T10:01:26+00:00","twitter_card":"summary_large_image","twitter_misc":{"Est. reading time":"1 minute"},"schema":{"@context":"https:\/\/schema.org","@graph":[{"@type":"WebPage","@id":"https:\/\/monaco-telecom.mc\/en\/slider\/","url":"https:\/\/monaco-telecom.mc\/en\/slider\/","name":"slider - Monaco Telecom","isPartOf":{"@id":"https:\/\/monaco-telecom.mc\/en\/#website"},"datePublished":"2021-05-18T08:55:50+00:00","dateModified":"2021-05-18T10:01:26+00:00","inLanguage":"en-US","potentialAction":[{"@type":"ReadAction","target":["https:\/\/monaco-telecom.mc\/en\/slider\/"]}]},{"@type":"WebSite","@id":"https:\/\/monaco-telecom.mc\/en\/#website","url":"https:\/\/monaco-telecom.mc\/en\/","name":"Monaco Telecom","description":"Engag\u00e9s \u00e0 vos c\u00f4t\u00e9s","publisher":{"@id":"https:\/\/monaco-telecom.mc\/en\/#organization"},"potentialAction":[{"@type":"SearchAction","target":{"@type":"EntryPoint","urlTemplate":"https:\/\/monaco-telecom.mc\/en\/?s={search_term_string}"},"query-input":{"@type":"PropertyValueSpecification","valueRequired":true,"valueName":"search_term_string"}}],"inLanguage":"en-US"},{"@type":"Organization","@id":"https:\/\/monaco-telecom.mc\/en\/#organization","name":"Monaco Telecom","url":"https:\/\/monaco-telecom.mc\/en\/","logo":{"@type":"ImageObject","inLanguage":"en-US","@id":"https:\/\/monaco-telecom.mc\/en\/#\/schema\/logo\/image\/","url":"https:\/\/monaco-telecom.mc\/wp-content\/uploads\/2025\/07\/Logo-MT-25.png","contentUrl":"https:\/\/monaco-telecom.mc\/wp-content\/uploads\/2025\/07\/Logo-MT-25.png","width":631,"height":408,"caption":"Monaco Telecom"},"image":{"@id":"https:\/\/monaco-telecom.mc\/en\/#\/schema\/logo\/image\/"},"sameAs":["https:\/\/www.facebook.com\/MonacoTelecom","https:\/\/www.linkedin.com\/company\/monaco-telecom\/?originalSubdomain=mc","https:\/\/www.instagram.com\/monaco_telecom\/?hl=fr","https:\/\/www.youtube.com\/user\/MonacoTelecomvideos\/featured"]}]}},"tpgb_featured_images":null,"tpgb_post_meta_info":{"get_date":"18\/05\/2021","author_name":"Yassine","author_url":"https:\/\/monaco-telecom.mc\/en\/author\/yassine\/","author_email":"y.mili@monaco-telecom.mc","author_website":"","author_description":"","author_facebook":"","author_twitter":"","author_instagram":"","author_role":["administrator"],"author_firstname":"","author_lastname":"","user_login":"Yassine","author_avatar":"<img alt='' src='https:\/\/secure.gravatar.com\/avatar\/4bc97ede2c61af6ac20587567396b5e0453e48c39c80178b52779f2e10140828?s=200&#038;d=mm&#038;r=g' srcset='https:\/\/secure.gravatar.com\/avatar\/4bc97ede2c61af6ac20587567396b5e0453e48c39c80178b52779f2e10140828?s=400&#038;d=mm&#038;r=g 2x' class='avatar avatar-200 photo' height='200' width='200' decoding='async'\/>","author_avatar_url":"https:\/\/secure.gravatar.com\/avatar\/4bc97ede2c61af6ac20587567396b5e0453e48c39c80178b52779f2e10140828?s=96&d=mm&r=g","comment_count":0,"post_likes":0,"post_views":0},"tpgb_post_category":[],"_links":{"self":[{"href":"https:\/\/monaco-telecom.mc\/en\/wp-json\/wp\/v2\/pages\/35785","targetHints":{"allow":["GET"]}}],"collection":[{"href":"https:\/\/monaco-telecom.mc\/en\/wp-json\/wp\/v2\/pages"}],"about":[{"href":"https:\/\/monaco-telecom.mc\/en\/wp-json\/wp\/v2\/types\/page"}],"author":[{"embeddable":true,"href":"https:\/\/monaco-telecom.mc\/en\/wp-json\/wp\/v2\/users\/1017"}],"replies":[{"embeddable":true,"href":"https:\/\/monaco-telecom.mc\/en\/wp-json\/wp\/v2\/comments?post=35785"}],"version-history":[{"count":0,"href":"https:\/\/monaco-telecom.mc\/en\/wp-json\/wp\/v2\/pages\/35785\/revisions"}],"wp:attachment":[{"href":"https:\/\/monaco-telecom.mc\/en\/wp-json\/wp\/v2\/media?parent=35785"}],"curies":[{"name":"wp","href":"https:\/\/api.w.org\/{rel}","templated":true}]}}